{"id":827,"date":"2024-06-04T10:32:58","date_gmt":"2024-06-04T10:32:58","guid":{"rendered":"https:\/\/pecadoradesign.com\/?page_id=827"},"modified":"2024-06-04T10:37:16","modified_gmt":"2024-06-04T10:37:16","slug":"politica-de-privacidad","status":"publish","type":"page","link":"https:\/\/pecadoradesign.com\/en\/politica-de-privacidad\/","title":{"rendered":"Pol\u00edtica de Privacidad"},"content":{"rendered":"<div data-elementor-type=\"wp-page\" data-elementor-id=\"827\" class=\"elementor elementor-827\">\n\t\t\t\t<div class=\"elementor-element elementor-element-c1d74ff e-flex e-con-boxed e-con e-parent\" data-id=\"c1d74ff\" data-element_type=\"container\" data-e-type=\"container\">\n\t\t\t\t\t<div class=\"e-con-inner\">\n\t\t\t\t<div class=\"elementor-element elementor-element-437bcf0 elementor-widget elementor-widget-heading\" data-id=\"437bcf0\" data-element_type=\"widget\" data-e-type=\"widget\" data-widget_type=\"heading.default\">\n\t\t\t\t<div class=\"elementor-widget-container\">\n\t\t\t\t\t<h1 class=\"elementor-heading-title elementor-size-default\">Pol\u00edtica de Privacidad\n<\/h1>\t\t\t\t<\/div>\n\t\t\t\t<\/div>\n\t\t\t\t<div class=\"elementor-element elementor-element-94334ad elementor-widget elementor-widget-text-editor\" data-id=\"94334ad\" data-element_type=\"widget\" data-e-type=\"widget\" data-widget_type=\"text-editor.default\">\n\t\t\t\t<div class=\"elementor-widget-container\">\n\t\t\t\t\t\t\t\t\tPecadora Design se compromete a proteger y respetar tu privacidad. Esta Pol\u00edtica de Privacidad describe c\u00f3mo se recopila, utiliza y protege la informaci\u00f3n personal que puedas proporcionar al usar el Sitio.\n<h3>Recopilaci\u00f3n de Informaci\u00f3n<\/h3>\nPodemos recopilar y procesar la siguiente informaci\u00f3n personal cuando la proporcionas voluntariamente al utilizar nuestro Sitio:\n<ul>\n \t<li>Name<\/li>\n \t<li>Direcci\u00f3n de correo electr\u00f3nico<\/li>\n \t<li>Informaci\u00f3n de contacto<\/li>\n<\/ul>\n<h3>Uso de la Informaci\u00f3n<\/h3>\nLa informaci\u00f3n personal que recopilamos se utiliza para los siguientes prop\u00f3sitos:\n<ul>\n \t<li>Enviar informaci\u00f3n solicitada sobre nuestros productos o servicios<\/li>\n \t<li>Mantener contacto con nuestros clientes\nSeguridad de la Informaci\u00f3n<\/li>\n<\/ul>\nTomamos medidas de seguridad adecuadas para proteger tu informaci\u00f3n personal contra accesos no autorizados o divulgaci\u00f3n. Sin embargo, debes tener en cuenta que ning\u00fan m\u00e9todo de transmisi\u00f3n a trav\u00e9s de internet o almacenamiento electr\u00f3nico es completamente seguro.\n<h3>Divulgaci\u00f3n a Terceros<\/h3>\nNo compartiremos tu informaci\u00f3n personal con terceros sin tu consentimiento, excepto cuando sea necesario para cumplir con requisitos legales.\n<h3>Tus Derechos<\/h3>\nTienes derecho a acceder, corregir, actualizar o eliminar tu informaci\u00f3n personal en cualquier momento. Para ejercer estos derechos, cont\u00e1ctanos utilizando los datos de contacto que se proporcionan a continuaci\u00f3n.\n<h3>Contact<\/h3>\nSi tienes alguna pregunta sobre esta Pol\u00edtica de Privacidad o deseas ejercer tus derechos con respecto a tus datos personales, cont\u00e1ctanos en <a style=\"color:#B9DD59;\" href=\"mailto:studiopecadora@gmail.com\">studiopecadora@gmail.com<\/a>\t\t\t\t\t\t\t\t<\/div>\n\t\t\t\t<\/div>\n\t\t\t\t\t<\/div>\n\t\t\t\t<\/div>\n\t\t\t\t<\/div>","protected":false},"excerpt":{"rendered":"<p>Pol\u00edtica de Privacidad Pecadora Design se compromete a proteger y respetar tu privacidad. Esta Pol\u00edtica de Privacidad describe c\u00f3mo se recopila, utiliza y protege la informaci\u00f3n personal que puedas proporcionar al usar el Sitio. Recopilaci\u00f3n de Informaci\u00f3n Podemos recopilar y procesar la siguiente informaci\u00f3n personal cuando la proporcionas voluntariamente al utilizar nuestro Sitio: Nombre Direcci\u00f3n [&hellip;]<\/p>\n","protected":false},"author":3,"featured_media":0,"parent":0,"menu_order":0,"comment_status":"closed","ping_status":"closed","template":"elementor_header_footer","meta":{"footnotes":""},"class_list":["post-827","page","type-page","status-publish","hentry"],"yoast_head":"<!-- This site is optimized with the Yoast SEO plugin v27.4 - https:\/\/yoast.com\/product\/yoast-seo-wordpress\/ -->\n<title>Pol\u00edtica de Privacidad - Pecadora Design<\/title>\n<meta name=\"robots\" content=\"index, follow, max-snippet:-1, max-image-preview:large, max-video-preview:-1\" \/>\n<link rel=\"canonical\" href=\"https:\/\/pecadoradesign.com\/en\/politica-de-privacidad\/\" \/>\n<meta property=\"og:locale\" content=\"en_GB\" \/>\n<meta property=\"og:type\" content=\"article\" \/>\n<meta property=\"og:title\" content=\"Pol\u00edtica de Privacidad - Pecadora Design\" \/>\n<meta property=\"og:description\" content=\"Pol\u00edtica de Privacidad Pecadora Design se compromete a proteger y respetar tu privacidad. Esta Pol\u00edtica de Privacidad describe c\u00f3mo se recopila, utiliza y protege la informaci\u00f3n personal que puedas proporcionar al usar el Sitio. Recopilaci\u00f3n de Informaci\u00f3n Podemos recopilar y procesar la siguiente informaci\u00f3n personal cuando la proporcionas voluntariamente al utilizar nuestro Sitio: Nombre Direcci\u00f3n [&hellip;]\" \/>\n<meta property=\"og:url\" content=\"https:\/\/pecadoradesign.com\/en\/politica-de-privacidad\/\" \/>\n<meta property=\"og:site_name\" content=\"Pecadora Design\" \/>\n<meta property=\"article:modified_time\" content=\"2024-06-04T10:37:16+00:00\" \/>\n<meta name=\"twitter:card\" content=\"summary_large_image\" \/>\n<meta name=\"twitter:label1\" content=\"Estimated reading time\" \/>\n\t<meta name=\"twitter:data1\" content=\"1 minute\" \/>\n<script type=\"application\/ld+json\" class=\"yoast-schema-graph\">{\"@context\":\"https:\\\/\\\/schema.org\",\"@graph\":[{\"@type\":\"WebPage\",\"@id\":\"https:\\\/\\\/pecadoradesign.com\\\/politica-de-privacidad\\\/\",\"url\":\"https:\\\/\\\/pecadoradesign.com\\\/politica-de-privacidad\\\/\",\"name\":\"Pol\u00edtica de Privacidad - Pecadora Design\",\"isPartOf\":{\"@id\":\"https:\\\/\\\/pecadoradesign.com\\\/#website\"},\"datePublished\":\"2024-06-04T10:32:58+00:00\",\"dateModified\":\"2024-06-04T10:37:16+00:00\",\"breadcrumb\":{\"@id\":\"https:\\\/\\\/pecadoradesign.com\\\/politica-de-privacidad\\\/#breadcrumb\"},\"inLanguage\":\"en-GB\",\"potentialAction\":[{\"@type\":\"ReadAction\",\"target\":[\"https:\\\/\\\/pecadoradesign.com\\\/politica-de-privacidad\\\/\"]}]},{\"@type\":\"BreadcrumbList\",\"@id\":\"https:\\\/\\\/pecadoradesign.com\\\/politica-de-privacidad\\\/#breadcrumb\",\"itemListElement\":[{\"@type\":\"ListItem\",\"position\":1,\"name\":\"Portada\",\"item\":\"https:\\\/\\\/pecadoradesign.com\\\/\"},{\"@type\":\"ListItem\",\"position\":2,\"name\":\"Pol\u00edtica de Privacidad\"}]},{\"@type\":\"WebSite\",\"@id\":\"https:\\\/\\\/pecadoradesign.com\\\/#website\",\"url\":\"https:\\\/\\\/pecadoradesign.com\\\/\",\"name\":\"Pecadora Design\",\"description\":\"Creative Sudio\",\"publisher\":{\"@id\":\"https:\\\/\\\/pecadoradesign.com\\\/#organization\"},\"potentialAction\":[{\"@type\":\"SearchAction\",\"target\":{\"@type\":\"EntryPoint\",\"urlTemplate\":\"https:\\\/\\\/pecadoradesign.com\\\/?s={search_term_string}\"},\"query-input\":{\"@type\":\"PropertyValueSpecification\",\"valueRequired\":true,\"valueName\":\"search_term_string\"}}],\"inLanguage\":\"en-GB\"},{\"@type\":\"Organization\",\"@id\":\"https:\\\/\\\/pecadoradesign.com\\\/#organization\",\"name\":\"Pecadora Design\",\"url\":\"https:\\\/\\\/pecadoradesign.com\\\/\",\"logo\":{\"@type\":\"ImageObject\",\"inLanguage\":\"en-GB\",\"@id\":\"https:\\\/\\\/pecadoradesign.com\\\/#\\\/schema\\\/logo\\\/image\\\/\",\"url\":\"https:\\\/\\\/pecadoradesign.com\\\/wp-content\\\/uploads\\\/2024\\\/02\\\/Pd_web-logo_240228-03.webp\",\"contentUrl\":\"https:\\\/\\\/pecadoradesign.com\\\/wp-content\\\/uploads\\\/2024\\\/02\\\/Pd_web-logo_240228-03.webp\",\"width\":251,\"height\":70,\"caption\":\"Pecadora Design\"},\"image\":{\"@id\":\"https:\\\/\\\/pecadoradesign.com\\\/#\\\/schema\\\/logo\\\/image\\\/\"}}]}<\/script>\n<!-- \/ Yoast SEO plugin. -->","yoast_head_json":{"title":"Pol\u00edtica de Privacidad - Pecadora Design","robots":{"index":"index","follow":"follow","max-snippet":"max-snippet:-1","max-image-preview":"max-image-preview:large","max-video-preview":"max-video-preview:-1"},"canonical":"https:\/\/pecadoradesign.com\/en\/politica-de-privacidad\/","og_locale":"en_GB","og_type":"article","og_title":"Pol\u00edtica de Privacidad - Pecadora Design","og_description":"Pol\u00edtica de Privacidad Pecadora Design se compromete a proteger y respetar tu privacidad. Esta Pol\u00edtica de Privacidad describe c\u00f3mo se recopila, utiliza y protege la informaci\u00f3n personal que puedas proporcionar al usar el Sitio. Recopilaci\u00f3n de Informaci\u00f3n Podemos recopilar y procesar la siguiente informaci\u00f3n personal cuando la proporcionas voluntariamente al utilizar nuestro Sitio: Nombre Direcci\u00f3n [&hellip;]","og_url":"https:\/\/pecadoradesign.com\/en\/politica-de-privacidad\/","og_site_name":"Pecadora Design","article_modified_time":"2024-06-04T10:37:16+00:00","twitter_card":"summary_large_image","twitter_misc":{"Estimated reading time":"1 minute"},"schema":{"@context":"https:\/\/schema.org","@graph":[{"@type":"WebPage","@id":"https:\/\/pecadoradesign.com\/politica-de-privacidad\/","url":"https:\/\/pecadoradesign.com\/politica-de-privacidad\/","name":"Pol\u00edtica de Privacidad - Pecadora Design","isPartOf":{"@id":"https:\/\/pecadoradesign.com\/#website"},"datePublished":"2024-06-04T10:32:58+00:00","dateModified":"2024-06-04T10:37:16+00:00","breadcrumb":{"@id":"https:\/\/pecadoradesign.com\/politica-de-privacidad\/#breadcrumb"},"inLanguage":"en-GB","potentialAction":[{"@type":"ReadAction","target":["https:\/\/pecadoradesign.com\/politica-de-privacidad\/"]}]},{"@type":"BreadcrumbList","@id":"https:\/\/pecadoradesign.com\/politica-de-privacidad\/#breadcrumb","itemListElement":[{"@type":"ListItem","position":1,"name":"Portada","item":"https:\/\/pecadoradesign.com\/"},{"@type":"ListItem","position":2,"name":"Pol\u00edtica de Privacidad"}]},{"@type":"WebSite","@id":"https:\/\/pecadoradesign.com\/#website","url":"https:\/\/pecadoradesign.com\/","name":"Pecadora Design","description":"Creative Sudio","publisher":{"@id":"https:\/\/pecadoradesign.com\/#organization"},"potentialAction":[{"@type":"SearchAction","target":{"@type":"EntryPoint","urlTemplate":"https:\/\/pecadoradesign.com\/?s={search_term_string}"},"query-input":{"@type":"PropertyValueSpecification","valueRequired":true,"valueName":"search_term_string"}}],"inLanguage":"en-GB"},{"@type":"Organization","@id":"https:\/\/pecadoradesign.com\/#organization","name":"Pecadora Design","url":"https:\/\/pecadoradesign.com\/","logo":{"@type":"ImageObject","inLanguage":"en-GB","@id":"https:\/\/pecadoradesign.com\/#\/schema\/logo\/image\/","url":"https:\/\/pecadoradesign.com\/wp-content\/uploads\/2024\/02\/Pd_web-logo_240228-03.webp","contentUrl":"https:\/\/pecadoradesign.com\/wp-content\/uploads\/2024\/02\/Pd_web-logo_240228-03.webp","width":251,"height":70,"caption":"Pecadora Design"},"image":{"@id":"https:\/\/pecadoradesign.com\/#\/schema\/logo\/image\/"}}]}},"jetpack_sharing_enabled":true,"_links":{"self":[{"href":"https:\/\/pecadoradesign.com\/en\/wp-json\/wp\/v2\/pages\/827","targetHints":{"allow":["GET"]}}],"collection":[{"href":"https:\/\/pecadoradesign.com\/en\/wp-json\/wp\/v2\/pages"}],"about":[{"href":"https:\/\/pecadoradesign.com\/en\/wp-json\/wp\/v2\/types\/page"}],"author":[{"embeddable":true,"href":"https:\/\/pecadoradesign.com\/en\/wp-json\/wp\/v2\/users\/3"}],"replies":[{"embeddable":true,"href":"https:\/\/pecadoradesign.com\/en\/wp-json\/wp\/v2\/comments?post=827"}],"version-history":[{"count":5,"href":"https:\/\/pecadoradesign.com\/en\/wp-json\/wp\/v2\/pages\/827\/revisions"}],"predecessor-version":[{"id":833,"href":"https:\/\/pecadoradesign.com\/en\/wp-json\/wp\/v2\/pages\/827\/revisions\/833"}],"wp:attachment":[{"href":"https:\/\/pecadoradesign.com\/en\/wp-json\/wp\/v2\/media?parent=827"}],"curies":[{"name":"wp","href":"https:\/\/api.w.org\/{rel}","templated":true}]}}