{"id":816,"date":"2024-06-04T10:24:01","date_gmt":"2024-06-04T10:24:01","guid":{"rendered":"https:\/\/pecadoradesign.com\/?page_id=816"},"modified":"2024-06-04T10:31:10","modified_gmt":"2024-06-04T10:31:10","slug":"aviso-legal","status":"publish","type":"page","link":"https:\/\/pecadoradesign.com\/en\/aviso-legal\/","title":{"rendered":"Legal Warning"},"content":{"rendered":"<div data-elementor-type=\"wp-page\" data-elementor-id=\"816\" class=\"elementor elementor-816\">\n\t\t\t\t<div class=\"elementor-element elementor-element-c68924f e-flex e-con-boxed e-con e-parent\" data-id=\"c68924f\" data-element_type=\"container\" data-e-type=\"container\">\n\t\t\t\t\t<div class=\"e-con-inner\">\n\t\t\t\t<div class=\"elementor-element elementor-element-8733078 elementor-widget elementor-widget-heading\" data-id=\"8733078\" data-element_type=\"widget\" data-e-type=\"widget\" data-widget_type=\"heading.default\">\n\t\t\t\t<div class=\"elementor-widget-container\">\n\t\t\t\t\t<h1 class=\"elementor-heading-title elementor-size-default\">Legal Warning<\/h1>\t\t\t\t<\/div>\n\t\t\t\t<\/div>\n\t\t\t\t<div class=\"elementor-element elementor-element-a5f04a6 elementor-widget elementor-widget-text-editor\" data-id=\"a5f04a6\" data-element_type=\"widget\" data-e-type=\"widget\" data-widget_type=\"text-editor.default\">\n\t\t\t\t<div class=\"elementor-widget-container\">\n\t\t\t\t\t\t\t\t\tAviso Legal\nBienvenido al sitio web <a style=\"color: #B9DD59;\" href=\"https:\/\/pecadoradesign.com\/en\/\">https:\/\/pecadoradesign.com <\/a>(en adelante, el \u00abSitio\u00bb). Este Sitio es propiedad y est\u00e1 operado por Dafne Baldov\u00ed, con domicilio en Valencia, Espa\u00f1a.\n<h3>Prop\u00f3sito del Sitio<\/h3>\nEl Sitio tiene como objetivo mostrar y promover el trabajo creativo y profesional de Pecadora Design en el campo del mobiliario y dise\u00f1o.\n<h3>Propiedad Intelectual<\/h3>\nTodos los contenidos, dise\u00f1os, im\u00e1genes, textos y dem\u00e1s materiales presentes en este Sitio est\u00e1n protegidos por leyes de propiedad intelectual y son propiedad de Pecadora Design, a menos que se indique lo contrario. Queda prohibida cualquier reproducci\u00f3n, distribuci\u00f3n o uso no autorizado de estos materiales sin el consentimiento previo por escrito de Pecadora Design.\n<h3>Uso del Sitio<\/h3>\nEl uso de este Sitio se rige por los t\u00e9rminos y condiciones aqu\u00ed establecidos. Al acceder y navegar por el Sitio, aceptas cumplir con estos t\u00e9rminos y condiciones. Pecadora Design se reserva el derecho de modificar, cambiar o eliminar cualquier parte del Sitio o de estos t\u00e9rminos y condiciones en cualquier momento y sin previo aviso.\n<h3>Limitaci\u00f3n de Responsabilidad<\/h3>\nPecadora Design no se hace responsable de cualquier da\u00f1o o perjuicio derivado del uso o la imposibilidad de uso de este Sitio. Toda la informaci\u00f3n y el contenido proporcionados en este Sitio se ofrecen \u00abtal cual\u00bb sin garant\u00edas de ning\u00fan tipo.\n<h3>Enlaces a Terceros<\/h3>\nEste Sitio puede contener enlaces a otros sitios web mantenidos por terceros. Pecadora Design no asume responsabilidad alguna por el contenido de estos sitios web enlazados.\n<h3>Legislaci\u00f3n Aplicable<\/h3>\nEstos t\u00e9rminos y condiciones se rigen por las leyes de Espa\u00f1a. Cualquier disputa que surja en relaci\u00f3n con este Sitio estar\u00e1 sujeta a la jurisdicci\u00f3n exclusiva de los tribunales de Valencia, Espa\u00f1a.\t\t\t\t\t\t\t\t<\/div>\n\t\t\t\t<\/div>\n\t\t\t\t\t<\/div>\n\t\t\t\t<\/div>\n\t\t\t\t<\/div>","protected":false},"excerpt":{"rendered":"<p>Aviso Legal Aviso Legal Bienvenido al sitio web https:\/\/pecadoradesign.com (en adelante, el \u00abSitio\u00bb). Este Sitio es propiedad y est\u00e1 operado por Dafne Baldov\u00ed, con domicilio en Valencia, Espa\u00f1a. Prop\u00f3sito del Sitio El Sitio tiene como objetivo mostrar y promover el trabajo creativo y profesional de Pecadora Design en el campo del mobiliario y dise\u00f1o. Propiedad [&hellip;]<\/p>\n","protected":false},"author":3,"featured_media":0,"parent":0,"menu_order":0,"comment_status":"closed","ping_status":"closed","template":"elementor_header_footer","meta":{"footnotes":""},"class_list":["post-816","page","type-page","status-publish","hentry"],"yoast_head":"<!-- This site is optimized with the Yoast SEO plugin v27.4 - https:\/\/yoast.com\/product\/yoast-seo-wordpress\/ -->\n<title>Aviso Legal - Pecadora Design<\/title>\n<meta name=\"robots\" content=\"index, follow, max-snippet:-1, max-image-preview:large, max-video-preview:-1\" \/>\n<link rel=\"canonical\" href=\"https:\/\/pecadoradesign.com\/en\/aviso-legal\/\" \/>\n<meta property=\"og:locale\" content=\"en_GB\" \/>\n<meta property=\"og:type\" content=\"article\" \/>\n<meta property=\"og:title\" content=\"Aviso Legal - Pecadora Design\" \/>\n<meta property=\"og:description\" content=\"Aviso Legal Aviso Legal Bienvenido al sitio web https:\/\/pecadoradesign.com (en adelante, el \u00abSitio\u00bb). Este Sitio es propiedad y est\u00e1 operado por Dafne Baldov\u00ed, con domicilio en Valencia, Espa\u00f1a. Prop\u00f3sito del Sitio El Sitio tiene como objetivo mostrar y promover el trabajo creativo y profesional de Pecadora Design en el campo del mobiliario y dise\u00f1o. Propiedad [&hellip;]\" \/>\n<meta property=\"og:url\" content=\"https:\/\/pecadoradesign.com\/en\/aviso-legal\/\" \/>\n<meta property=\"og:site_name\" content=\"Pecadora Design\" \/>\n<meta property=\"article:modified_time\" content=\"2024-06-04T10:31:10+00:00\" \/>\n<meta name=\"twitter:card\" content=\"summary_large_image\" \/>\n<meta name=\"twitter:label1\" content=\"Estimated reading time\" \/>\n\t<meta name=\"twitter:data1\" content=\"2 minutes\" \/>\n<script type=\"application\/ld+json\" class=\"yoast-schema-graph\">{\"@context\":\"https:\\\/\\\/schema.org\",\"@graph\":[{\"@type\":\"WebPage\",\"@id\":\"https:\\\/\\\/pecadoradesign.com\\\/aviso-legal\\\/\",\"url\":\"https:\\\/\\\/pecadoradesign.com\\\/aviso-legal\\\/\",\"name\":\"Aviso Legal - Pecadora Design\",\"isPartOf\":{\"@id\":\"https:\\\/\\\/pecadoradesign.com\\\/#website\"},\"datePublished\":\"2024-06-04T10:24:01+00:00\",\"dateModified\":\"2024-06-04T10:31:10+00:00\",\"breadcrumb\":{\"@id\":\"https:\\\/\\\/pecadoradesign.com\\\/aviso-legal\\\/#breadcrumb\"},\"inLanguage\":\"en-GB\",\"potentialAction\":[{\"@type\":\"ReadAction\",\"target\":[\"https:\\\/\\\/pecadoradesign.com\\\/aviso-legal\\\/\"]}]},{\"@type\":\"BreadcrumbList\",\"@id\":\"https:\\\/\\\/pecadoradesign.com\\\/aviso-legal\\\/#breadcrumb\",\"itemListElement\":[{\"@type\":\"ListItem\",\"position\":1,\"name\":\"Portada\",\"item\":\"https:\\\/\\\/pecadoradesign.com\\\/\"},{\"@type\":\"ListItem\",\"position\":2,\"name\":\"Aviso Legal\"}]},{\"@type\":\"WebSite\",\"@id\":\"https:\\\/\\\/pecadoradesign.com\\\/#website\",\"url\":\"https:\\\/\\\/pecadoradesign.com\\\/\",\"name\":\"Pecadora Design\",\"description\":\"Creative Sudio\",\"publisher\":{\"@id\":\"https:\\\/\\\/pecadoradesign.com\\\/#organization\"},\"potentialAction\":[{\"@type\":\"SearchAction\",\"target\":{\"@type\":\"EntryPoint\",\"urlTemplate\":\"https:\\\/\\\/pecadoradesign.com\\\/?s={search_term_string}\"},\"query-input\":{\"@type\":\"PropertyValueSpecification\",\"valueRequired\":true,\"valueName\":\"search_term_string\"}}],\"inLanguage\":\"en-GB\"},{\"@type\":\"Organization\",\"@id\":\"https:\\\/\\\/pecadoradesign.com\\\/#organization\",\"name\":\"Pecadora Design\",\"url\":\"https:\\\/\\\/pecadoradesign.com\\\/\",\"logo\":{\"@type\":\"ImageObject\",\"inLanguage\":\"en-GB\",\"@id\":\"https:\\\/\\\/pecadoradesign.com\\\/#\\\/schema\\\/logo\\\/image\\\/\",\"url\":\"https:\\\/\\\/pecadoradesign.com\\\/wp-content\\\/uploads\\\/2024\\\/02\\\/Pd_web-logo_240228-03.webp\",\"contentUrl\":\"https:\\\/\\\/pecadoradesign.com\\\/wp-content\\\/uploads\\\/2024\\\/02\\\/Pd_web-logo_240228-03.webp\",\"width\":251,\"height\":70,\"caption\":\"Pecadora Design\"},\"image\":{\"@id\":\"https:\\\/\\\/pecadoradesign.com\\\/#\\\/schema\\\/logo\\\/image\\\/\"}}]}<\/script>\n<!-- \/ Yoast SEO plugin. -->","yoast_head_json":{"title":"Aviso Legal - Pecadora Design","robots":{"index":"index","follow":"follow","max-snippet":"max-snippet:-1","max-image-preview":"max-image-preview:large","max-video-preview":"max-video-preview:-1"},"canonical":"https:\/\/pecadoradesign.com\/en\/aviso-legal\/","og_locale":"en_GB","og_type":"article","og_title":"Aviso Legal - Pecadora Design","og_description":"Aviso Legal Aviso Legal Bienvenido al sitio web https:\/\/pecadoradesign.com (en adelante, el \u00abSitio\u00bb). Este Sitio es propiedad y est\u00e1 operado por Dafne Baldov\u00ed, con domicilio en Valencia, Espa\u00f1a. Prop\u00f3sito del Sitio El Sitio tiene como objetivo mostrar y promover el trabajo creativo y profesional de Pecadora Design en el campo del mobiliario y dise\u00f1o. Propiedad [&hellip;]","og_url":"https:\/\/pecadoradesign.com\/en\/aviso-legal\/","og_site_name":"Pecadora Design","article_modified_time":"2024-06-04T10:31:10+00:00","twitter_card":"summary_large_image","twitter_misc":{"Estimated reading time":"2 minutes"},"schema":{"@context":"https:\/\/schema.org","@graph":[{"@type":"WebPage","@id":"https:\/\/pecadoradesign.com\/aviso-legal\/","url":"https:\/\/pecadoradesign.com\/aviso-legal\/","name":"Aviso Legal - Pecadora Design","isPartOf":{"@id":"https:\/\/pecadoradesign.com\/#website"},"datePublished":"2024-06-04T10:24:01+00:00","dateModified":"2024-06-04T10:31:10+00:00","breadcrumb":{"@id":"https:\/\/pecadoradesign.com\/aviso-legal\/#breadcrumb"},"inLanguage":"en-GB","potentialAction":[{"@type":"ReadAction","target":["https:\/\/pecadoradesign.com\/aviso-legal\/"]}]},{"@type":"BreadcrumbList","@id":"https:\/\/pecadoradesign.com\/aviso-legal\/#breadcrumb","itemListElement":[{"@type":"ListItem","position":1,"name":"Portada","item":"https:\/\/pecadoradesign.com\/"},{"@type":"ListItem","position":2,"name":"Aviso Legal"}]},{"@type":"WebSite","@id":"https:\/\/pecadoradesign.com\/#website","url":"https:\/\/pecadoradesign.com\/","name":"Pecadora Design","description":"Creative Sudio","publisher":{"@id":"https:\/\/pecadoradesign.com\/#organization"},"potentialAction":[{"@type":"SearchAction","target":{"@type":"EntryPoint","urlTemplate":"https:\/\/pecadoradesign.com\/?s={search_term_string}"},"query-input":{"@type":"PropertyValueSpecification","valueRequired":true,"valueName":"search_term_string"}}],"inLanguage":"en-GB"},{"@type":"Organization","@id":"https:\/\/pecadoradesign.com\/#organization","name":"Pecadora Design","url":"https:\/\/pecadoradesign.com\/","logo":{"@type":"ImageObject","inLanguage":"en-GB","@id":"https:\/\/pecadoradesign.com\/#\/schema\/logo\/image\/","url":"https:\/\/pecadoradesign.com\/wp-content\/uploads\/2024\/02\/Pd_web-logo_240228-03.webp","contentUrl":"https:\/\/pecadoradesign.com\/wp-content\/uploads\/2024\/02\/Pd_web-logo_240228-03.webp","width":251,"height":70,"caption":"Pecadora Design"},"image":{"@id":"https:\/\/pecadoradesign.com\/#\/schema\/logo\/image\/"}}]}},"jetpack_sharing_enabled":true,"_links":{"self":[{"href":"https:\/\/pecadoradesign.com\/en\/wp-json\/wp\/v2\/pages\/816","targetHints":{"allow":["GET"]}}],"collection":[{"href":"https:\/\/pecadoradesign.com\/en\/wp-json\/wp\/v2\/pages"}],"about":[{"href":"https:\/\/pecadoradesign.com\/en\/wp-json\/wp\/v2\/types\/page"}],"author":[{"embeddable":true,"href":"https:\/\/pecadoradesign.com\/en\/wp-json\/wp\/v2\/users\/3"}],"replies":[{"embeddable":true,"href":"https:\/\/pecadoradesign.com\/en\/wp-json\/wp\/v2\/comments?post=816"}],"version-history":[{"count":6,"href":"https:\/\/pecadoradesign.com\/en\/wp-json\/wp\/v2\/pages\/816\/revisions"}],"predecessor-version":[{"id":825,"href":"https:\/\/pecadoradesign.com\/en\/wp-json\/wp\/v2\/pages\/816\/revisions\/825"}],"wp:attachment":[{"href":"https:\/\/pecadoradesign.com\/en\/wp-json\/wp\/v2\/media?parent=816"}],"curies":[{"name":"wp","href":"https:\/\/api.w.org\/{rel}","templated":true}]}}