{"id":637,"date":"2024-05-31T11:05:33","date_gmt":"2024-05-31T11:05:33","guid":{"rendered":"https:\/\/pecadoradesign.com\/?page_id=637"},"modified":"2025-09-27T13:11:38","modified_gmt":"2025-09-27T13:11:38","slug":"conocenos","status":"publish","type":"page","link":"https:\/\/pecadoradesign.com\/en\/conocenos\/","title":{"rendered":"Behind the scenes"},"content":{"rendered":"<div data-elementor-type=\"wp-page\" data-elementor-id=\"637\" class=\"elementor elementor-637\">\n\t\t\t\t<div class=\"elementor-element elementor-element-3f6682fa e-con-full e-flex e-con e-parent\" data-id=\"3f6682fa\" data-element_type=\"container\" data-e-type=\"container\" data-settings=\"{&quot;background_background&quot;:&quot;classic&quot;}\">\n\t\t<div class=\"elementor-element elementor-element-197b6aef e-con-full e-flex elementor-invisible e-con e-child\" data-id=\"197b6aef\" data-element_type=\"container\" data-e-type=\"container\" data-settings=\"{&quot;animation&quot;:&quot;fadeInUp&quot;}\">\n\t\t\t\t<div class=\"elementor-element elementor-element-9c8077b elementor-widget elementor-widget-image\" data-id=\"9c8077b\" data-element_type=\"widget\" data-e-type=\"widget\" data-widget_type=\"image.default\">\n\t\t\t\t<div class=\"elementor-widget-container\">\n\t\t\t\t\t\t\t\t\t\t\t\t\t\t\t<img fetchpriority=\"high\" decoding=\"async\" width=\"977\" height=\"630\" src=\"https:\/\/pecadoradesign.com\/wp-content\/uploads\/2024\/05\/About-us-icon-1-e1758977044300.png\" class=\"attachment-full size-full wp-image-563\" alt=\"\" srcset=\"https:\/\/pecadoradesign.com\/wp-content\/uploads\/2024\/05\/About-us-icon-1-e1758977044300.png 977w, https:\/\/pecadoradesign.com\/wp-content\/uploads\/2024\/05\/About-us-icon-1-e1758977044300-300x193.png 300w, https:\/\/pecadoradesign.com\/wp-content\/uploads\/2024\/05\/About-us-icon-1-e1758977044300-768x495.png 768w, https:\/\/pecadoradesign.com\/wp-content\/uploads\/2024\/05\/About-us-icon-1-e1758977044300-18x12.png 18w\" sizes=\"(max-width: 977px) 100vw, 977px\" \/>\t\t\t\t\t\t\t\t\t\t\t\t\t\t\t<\/div>\n\t\t\t\t<\/div>\n\t\t\t\t<div class=\"elementor-element elementor-element-206561c9 elementor-widget elementor-widget-text-editor\" data-id=\"206561c9\" data-element_type=\"widget\" data-e-type=\"widget\" data-widget_type=\"text-editor.default\">\n\t\t\t\t<div class=\"elementor-widget-container\">\n\t\t\t\t\t\t\t\t\t<p>After several years of experience in the world of design and 25 years of friendship, we decided to found Pecadora, a Valencia-based design studio that seeks to challenge the established by creating exciting products.<\/p><p>Pecadora delves into a deep reflection on product design, aiming to optimize manufacturing processes and enhance the qualities of the materials we use.<\/p><p>Pecadora\u2019s personality is defiant yet honest. It is bold, playful, and brave. It\u2019s the satisfaction of solving a Rubik\u2019s cube. The adrenaline of a first kiss. Pecadora is the thrill of surfing the wave of your dreams. It\u2019s a forbidden pleasure. Sin. Peca.<\/p><p><span style=\"text-align: center;\">David &amp; Rafa<\/span><\/p>\t\t\t\t\t\t\t\t<\/div>\n\t\t\t\t<\/div>\n\t\t\t\t<\/div>\n\t\t\t\t<\/div>\n\t\t\t\t<\/div>","protected":false},"excerpt":{"rendered":"<p>Tras varios a\u00f1os de trayectoria en el mundo del dise\u00f1o y 25 de amistad, decidimos fundar Pecadora; un estudio de dise\u00f1o valenciano, que busca cuestionar lo establecido creando productos emocionantes. Pecadora se sumerge en una profunda reflexi\u00f3n sobre el dise\u00f1o de producto, con el objetivo de optimizar procesos de fabricaci\u00f3n y potenciar las cualidades de [&hellip;]<\/p>\n","protected":false},"author":3,"featured_media":0,"parent":0,"menu_order":0,"comment_status":"closed","ping_status":"closed","template":"elementor_header_footer","meta":{"footnotes":""},"class_list":["post-637","page","type-page","status-publish","hentry"],"yoast_head":"<!-- This site is optimized with the Yoast SEO plugin v27.4 - https:\/\/yoast.com\/product\/yoast-seo-wordpress\/ -->\n<title>Con\u00f3cenos - Pecadora Design<\/title>\n<meta name=\"robots\" content=\"index, follow, max-snippet:-1, max-image-preview:large, max-video-preview:-1\" \/>\n<link rel=\"canonical\" href=\"https:\/\/pecadoradesign.com\/en\/conocenos\/\" \/>\n<meta property=\"og:locale\" content=\"en_GB\" \/>\n<meta property=\"og:type\" content=\"article\" \/>\n<meta property=\"og:title\" content=\"Con\u00f3cenos - Pecadora Design\" \/>\n<meta property=\"og:description\" content=\"Tras varios a\u00f1os de trayectoria en el mundo del dise\u00f1o y 25 de amistad, decidimos fundar Pecadora; un estudio de dise\u00f1o valenciano, que busca cuestionar lo establecido creando productos emocionantes. Pecadora se sumerge en una profunda reflexi\u00f3n sobre el dise\u00f1o de producto, con el objetivo de optimizar procesos de fabricaci\u00f3n y potenciar las cualidades de [&hellip;]\" \/>\n<meta property=\"og:url\" content=\"https:\/\/pecadoradesign.com\/en\/conocenos\/\" \/>\n<meta property=\"og:site_name\" content=\"Pecadora Design\" \/>\n<meta property=\"article:modified_time\" content=\"2025-09-27T13:11:38+00:00\" \/>\n<meta property=\"og:image\" content=\"https:\/\/pecadoradesign.com\/wp-content\/uploads\/2024\/05\/About-us-icon-1-e1758977044300.png\" \/>\n\t<meta property=\"og:image:width\" content=\"977\" \/>\n\t<meta property=\"og:image:height\" content=\"630\" \/>\n\t<meta property=\"og:image:type\" content=\"image\/png\" \/>\n<meta name=\"twitter:card\" content=\"summary_large_image\" \/>\n<meta name=\"twitter:label1\" content=\"Estimated reading time\" \/>\n\t<meta name=\"twitter:data1\" content=\"1 minute\" \/>\n<script type=\"application\/ld+json\" class=\"yoast-schema-graph\">{\"@context\":\"https:\\\/\\\/schema.org\",\"@graph\":[{\"@type\":\"WebPage\",\"@id\":\"https:\\\/\\\/pecadoradesign.com\\\/conocenos\\\/\",\"url\":\"https:\\\/\\\/pecadoradesign.com\\\/conocenos\\\/\",\"name\":\"Con\u00f3cenos - Pecadora Design\",\"isPartOf\":{\"@id\":\"https:\\\/\\\/pecadoradesign.com\\\/#website\"},\"primaryImageOfPage\":{\"@id\":\"https:\\\/\\\/pecadoradesign.com\\\/conocenos\\\/#primaryimage\"},\"image\":{\"@id\":\"https:\\\/\\\/pecadoradesign.com\\\/conocenos\\\/#primaryimage\"},\"thumbnailUrl\":\"https:\\\/\\\/pecadoradesign.com\\\/wp-content\\\/uploads\\\/2024\\\/05\\\/About-us-icon-1-e1758977044300.png\",\"datePublished\":\"2024-05-31T11:05:33+00:00\",\"dateModified\":\"2025-09-27T13:11:38+00:00\",\"breadcrumb\":{\"@id\":\"https:\\\/\\\/pecadoradesign.com\\\/conocenos\\\/#breadcrumb\"},\"inLanguage\":\"en-GB\",\"potentialAction\":[{\"@type\":\"ReadAction\",\"target\":[\"https:\\\/\\\/pecadoradesign.com\\\/conocenos\\\/\"]}]},{\"@type\":\"ImageObject\",\"inLanguage\":\"en-GB\",\"@id\":\"https:\\\/\\\/pecadoradesign.com\\\/conocenos\\\/#primaryimage\",\"url\":\"https:\\\/\\\/pecadoradesign.com\\\/wp-content\\\/uploads\\\/2024\\\/05\\\/About-us-icon-1-e1758977044300.png\",\"contentUrl\":\"https:\\\/\\\/pecadoradesign.com\\\/wp-content\\\/uploads\\\/2024\\\/05\\\/About-us-icon-1-e1758977044300.png\"},{\"@type\":\"BreadcrumbList\",\"@id\":\"https:\\\/\\\/pecadoradesign.com\\\/conocenos\\\/#breadcrumb\",\"itemListElement\":[{\"@type\":\"ListItem\",\"position\":1,\"name\":\"Portada\",\"item\":\"https:\\\/\\\/pecadoradesign.com\\\/\"},{\"@type\":\"ListItem\",\"position\":2,\"name\":\"Con\u00f3cenos\"}]},{\"@type\":\"WebSite\",\"@id\":\"https:\\\/\\\/pecadoradesign.com\\\/#website\",\"url\":\"https:\\\/\\\/pecadoradesign.com\\\/\",\"name\":\"Pecadora Design\",\"description\":\"Creative Sudio\",\"publisher\":{\"@id\":\"https:\\\/\\\/pecadoradesign.com\\\/#organization\"},\"potentialAction\":[{\"@type\":\"SearchAction\",\"target\":{\"@type\":\"EntryPoint\",\"urlTemplate\":\"https:\\\/\\\/pecadoradesign.com\\\/?s={search_term_string}\"},\"query-input\":{\"@type\":\"PropertyValueSpecification\",\"valueRequired\":true,\"valueName\":\"search_term_string\"}}],\"inLanguage\":\"en-GB\"},{\"@type\":\"Organization\",\"@id\":\"https:\\\/\\\/pecadoradesign.com\\\/#organization\",\"name\":\"Pecadora Design\",\"url\":\"https:\\\/\\\/pecadoradesign.com\\\/\",\"logo\":{\"@type\":\"ImageObject\",\"inLanguage\":\"en-GB\",\"@id\":\"https:\\\/\\\/pecadoradesign.com\\\/#\\\/schema\\\/logo\\\/image\\\/\",\"url\":\"https:\\\/\\\/pecadoradesign.com\\\/wp-content\\\/uploads\\\/2024\\\/02\\\/Pd_web-logo_240228-03.webp\",\"contentUrl\":\"https:\\\/\\\/pecadoradesign.com\\\/wp-content\\\/uploads\\\/2024\\\/02\\\/Pd_web-logo_240228-03.webp\",\"width\":251,\"height\":70,\"caption\":\"Pecadora Design\"},\"image\":{\"@id\":\"https:\\\/\\\/pecadoradesign.com\\\/#\\\/schema\\\/logo\\\/image\\\/\"}}]}<\/script>\n<!-- \/ Yoast SEO plugin. -->","yoast_head_json":{"title":"Con\u00f3cenos - Pecadora Design","robots":{"index":"index","follow":"follow","max-snippet":"max-snippet:-1","max-image-preview":"max-image-preview:large","max-video-preview":"max-video-preview:-1"},"canonical":"https:\/\/pecadoradesign.com\/en\/conocenos\/","og_locale":"en_GB","og_type":"article","og_title":"Con\u00f3cenos - Pecadora Design","og_description":"Tras varios a\u00f1os de trayectoria en el mundo del dise\u00f1o y 25 de amistad, decidimos fundar Pecadora; un estudio de dise\u00f1o valenciano, que busca cuestionar lo establecido creando productos emocionantes. Pecadora se sumerge en una profunda reflexi\u00f3n sobre el dise\u00f1o de producto, con el objetivo de optimizar procesos de fabricaci\u00f3n y potenciar las cualidades de [&hellip;]","og_url":"https:\/\/pecadoradesign.com\/en\/conocenos\/","og_site_name":"Pecadora Design","article_modified_time":"2025-09-27T13:11:38+00:00","og_image":[{"width":977,"height":630,"url":"https:\/\/pecadoradesign.com\/wp-content\/uploads\/2024\/05\/About-us-icon-1-e1758977044300.png","type":"image\/png"}],"twitter_card":"summary_large_image","twitter_misc":{"Estimated reading time":"1 minute"},"schema":{"@context":"https:\/\/schema.org","@graph":[{"@type":"WebPage","@id":"https:\/\/pecadoradesign.com\/conocenos\/","url":"https:\/\/pecadoradesign.com\/conocenos\/","name":"Con\u00f3cenos - Pecadora Design","isPartOf":{"@id":"https:\/\/pecadoradesign.com\/#website"},"primaryImageOfPage":{"@id":"https:\/\/pecadoradesign.com\/conocenos\/#primaryimage"},"image":{"@id":"https:\/\/pecadoradesign.com\/conocenos\/#primaryimage"},"thumbnailUrl":"https:\/\/pecadoradesign.com\/wp-content\/uploads\/2024\/05\/About-us-icon-1-e1758977044300.png","datePublished":"2024-05-31T11:05:33+00:00","dateModified":"2025-09-27T13:11:38+00:00","breadcrumb":{"@id":"https:\/\/pecadoradesign.com\/conocenos\/#breadcrumb"},"inLanguage":"en-GB","potentialAction":[{"@type":"ReadAction","target":["https:\/\/pecadoradesign.com\/conocenos\/"]}]},{"@type":"ImageObject","inLanguage":"en-GB","@id":"https:\/\/pecadoradesign.com\/conocenos\/#primaryimage","url":"https:\/\/pecadoradesign.com\/wp-content\/uploads\/2024\/05\/About-us-icon-1-e1758977044300.png","contentUrl":"https:\/\/pecadoradesign.com\/wp-content\/uploads\/2024\/05\/About-us-icon-1-e1758977044300.png"},{"@type":"BreadcrumbList","@id":"https:\/\/pecadoradesign.com\/conocenos\/#breadcrumb","itemListElement":[{"@type":"ListItem","position":1,"name":"Portada","item":"https:\/\/pecadoradesign.com\/"},{"@type":"ListItem","position":2,"name":"Con\u00f3cenos"}]},{"@type":"WebSite","@id":"https:\/\/pecadoradesign.com\/#website","url":"https:\/\/pecadoradesign.com\/","name":"Pecadora Design","description":"Creative Sudio","publisher":{"@id":"https:\/\/pecadoradesign.com\/#organization"},"potentialAction":[{"@type":"SearchAction","target":{"@type":"EntryPoint","urlTemplate":"https:\/\/pecadoradesign.com\/?s={search_term_string}"},"query-input":{"@type":"PropertyValueSpecification","valueRequired":true,"valueName":"search_term_string"}}],"inLanguage":"en-GB"},{"@type":"Organization","@id":"https:\/\/pecadoradesign.com\/#organization","name":"Pecadora Design","url":"https:\/\/pecadoradesign.com\/","logo":{"@type":"ImageObject","inLanguage":"en-GB","@id":"https:\/\/pecadoradesign.com\/#\/schema\/logo\/image\/","url":"https:\/\/pecadoradesign.com\/wp-content\/uploads\/2024\/02\/Pd_web-logo_240228-03.webp","contentUrl":"https:\/\/pecadoradesign.com\/wp-content\/uploads\/2024\/02\/Pd_web-logo_240228-03.webp","width":251,"height":70,"caption":"Pecadora Design"},"image":{"@id":"https:\/\/pecadoradesign.com\/#\/schema\/logo\/image\/"}}]}},"jetpack_sharing_enabled":true,"_links":{"self":[{"href":"https:\/\/pecadoradesign.com\/en\/wp-json\/wp\/v2\/pages\/637","targetHints":{"allow":["GET"]}}],"collection":[{"href":"https:\/\/pecadoradesign.com\/en\/wp-json\/wp\/v2\/pages"}],"about":[{"href":"https:\/\/pecadoradesign.com\/en\/wp-json\/wp\/v2\/types\/page"}],"author":[{"embeddable":true,"href":"https:\/\/pecadoradesign.com\/en\/wp-json\/wp\/v2\/users\/3"}],"replies":[{"embeddable":true,"href":"https:\/\/pecadoradesign.com\/en\/wp-json\/wp\/v2\/comments?post=637"}],"version-history":[{"count":185,"href":"https:\/\/pecadoradesign.com\/en\/wp-json\/wp\/v2\/pages\/637\/revisions"}],"predecessor-version":[{"id":1565,"href":"https:\/\/pecadoradesign.com\/en\/wp-json\/wp\/v2\/pages\/637\/revisions\/1565"}],"wp:attachment":[{"href":"https:\/\/pecadoradesign.com\/en\/wp-json\/wp\/v2\/media?parent=637"}],"curies":[{"name":"wp","href":"https:\/\/api.w.org\/{rel}","templated":true}]}}