{"id":2,"date":"2024-02-22T19:28:03","date_gmt":"2024-02-22T19:28:03","guid":{"rendered":"https:\/\/pecadoradesign.com\/?page_id=2"},"modified":"2025-09-26T15:28:54","modified_gmt":"2025-09-26T15:28:54","slug":"contacto","status":"publish","type":"page","link":"https:\/\/pecadoradesign.com\/en\/contacto\/","title":{"rendered":"Contact"},"content":{"rendered":"<div data-elementor-type=\"wp-page\" data-elementor-id=\"2\" class=\"elementor elementor-2\">\n\t\t\t\t<div class=\"elementor-element elementor-element-400ec9d e-flex e-con-boxed e-con e-parent\" data-id=\"400ec9d\" data-element_type=\"container\" data-e-type=\"container\" data-settings=\"{&quot;background_background&quot;:&quot;slideshow&quot;,&quot;background_slideshow_gallery&quot;:[],&quot;background_slideshow_loop&quot;:&quot;yes&quot;,&quot;background_slideshow_slide_duration&quot;:5000,&quot;background_slideshow_slide_transition&quot;:&quot;fade&quot;,&quot;background_slideshow_transition_duration&quot;:500}\">\n\t\t\t\t\t<div class=\"e-con-inner\">\n\t\t\t\t<div class=\"elementor-element elementor-element-acc8a43 elementor-widget elementor-widget-image\" data-id=\"acc8a43\" data-element_type=\"widget\" data-e-type=\"widget\" data-widget_type=\"image.default\">\n\t\t\t\t<div class=\"elementor-widget-container\">\n\t\t\t\t\t\t\t\t\t\t\t\t\t\t\t<img fetchpriority=\"high\" decoding=\"async\" width=\"537\" height=\"283\" src=\"https:\/\/pecadoradesign.com\/wp-content\/uploads\/2024\/05\/contacto-icon.png\" class=\"attachment-large size-large wp-image-663\" alt=\"\" srcset=\"https:\/\/pecadoradesign.com\/wp-content\/uploads\/2024\/05\/contacto-icon.png 537w, https:\/\/pecadoradesign.com\/wp-content\/uploads\/2024\/05\/contacto-icon-300x158.png 300w\" sizes=\"(max-width: 537px) 100vw, 537px\" \/>\t\t\t\t\t\t\t\t\t\t\t\t\t\t\t<\/div>\n\t\t\t\t<\/div>\n\t\t\t\t<div class=\"elementor-element elementor-element-07cfd3f elementor-invisible elementor-widget elementor-widget-heading\" data-id=\"07cfd3f\" data-element_type=\"widget\" data-e-type=\"widget\" data-settings=\"{&quot;_animation&quot;:&quot;fadeInUp&quot;}\" data-widget_type=\"heading.default\">\n\t\t\t\t<div class=\"elementor-widget-container\">\n\t\t\t\t\t<h1 class=\"elementor-heading-title elementor-size-default\">How you doin'?<\/h1>\t\t\t\t<\/div>\n\t\t\t\t<\/div>\n\t\t\t\t\t<\/div>\n\t\t\t\t<\/div>\n\t\t<div class=\"elementor-element elementor-element-df8f518 e-con-full e-flex elementor-invisible e-con e-parent\" data-id=\"df8f518\" data-element_type=\"container\" data-e-type=\"container\" data-settings=\"{&quot;animation&quot;:&quot;fadeInUp&quot;}\">\n\t\t\t\t<div class=\"elementor-element elementor-element-8e655ba elementor-widget elementor-widget-shortcode\" data-id=\"8e655ba\" data-element_type=\"widget\" data-e-type=\"widget\" data-widget_type=\"shortcode.default\">\n\t\t\t\t<div class=\"elementor-widget-container\">\n\t\t\t\t\t\t\t<div class=\"elementor-shortcode\">\n<div class=\"wpcf7 no-js\" id=\"wpcf7-f101-o1\" lang=\"es-ES\" dir=\"ltr\" data-wpcf7-id=\"101\">\n<div class=\"screen-reader-response\"><p role=\"status\" aria-live=\"polite\" aria-atomic=\"true\"><\/p> <ul><\/ul><\/div>\n<form action=\"\/en\/wp-json\/wp\/v2\/pages\/2#wpcf7-f101-o1\" method=\"post\" class=\"wpcf7-form init\" aria-label=\"Formulario de contacto\" novalidate=\"novalidate\" data-status=\"init\" data-trp-original-action=\"\/en\/wp-json\/wp\/v2\/pages\/2#wpcf7-f101-o1\">\n<fieldset class=\"hidden-fields-container\"><input type=\"hidden\" name=\"_wpcf7\" value=\"101\" \/><input type=\"hidden\" name=\"_wpcf7_version\" value=\"6.1.5\" \/><input type=\"hidden\" name=\"_wpcf7_locale\" value=\"es_ES\" \/><input type=\"hidden\" name=\"_wpcf7_unit_tag\" value=\"wpcf7-f101-o1\" \/><input type=\"hidden\" name=\"_wpcf7_container_post\" value=\"0\" \/><input type=\"hidden\" name=\"_wpcf7_posted_data_hash\" value=\"\" \/>\n<\/fieldset>\n<p><span class=\"wpcf7-form-control-wrap\" data-name=\"nombre\"><input size=\"40\" maxlength=\"400\" class=\"wpcf7-form-control wpcf7-text wpcf7-validates-as-required\" aria-required=\"true\" aria-invalid=\"false\" placeholder=\"Name\" value=\"\" type=\"text\" name=\"nombre\" \/><\/span>\n<\/p>\n<p><span class=\"wpcf7-form-control-wrap\" data-name=\"email\"><input size=\"40\" maxlength=\"400\" class=\"wpcf7-form-control wpcf7-email wpcf7-validates-as-required wpcf7-text wpcf7-validates-as-email\" aria-required=\"true\" aria-invalid=\"false\" placeholder=\"Email\" value=\"\" type=\"email\" name=\"email\" \/><\/span>\n<\/p>\n<p><span class=\"wpcf7-form-control-wrap\" data-name=\"tel\"><input size=\"40\" maxlength=\"400\" class=\"wpcf7-form-control wpcf7-tel wpcf7-validates-as-required wpcf7-text wpcf7-validates-as-tel\" aria-required=\"true\" aria-invalid=\"false\" placeholder=\"+00\" value=\"\" type=\"tel\" name=\"tel\" \/><\/span>\n<\/p>\n<p><span class=\"wpcf7-form-control-wrap\" data-name=\"message\"><textarea cols=\"40\" rows=\"10\" maxlength=\"2000\" class=\"wpcf7-form-control wpcf7-textarea\" aria-invalid=\"false\" placeholder=\"Spill the tea\" name=\"message\"><\/textarea><\/span>\n<\/p>\n<p><input class=\"wpcf7-form-control wpcf7-submit has-spinner\" type=\"submit\" value=\"Ignite\" \/>\n<\/p><div class=\"wpcf7-response-output\" aria-hidden=\"true\"><\/div>\n<input type=\"hidden\" name=\"trp-form-language\" value=\"en\"\/><\/form>\n<\/div>\n<\/div>\n\t\t\t\t\t\t<\/div>\n\t\t\t\t<\/div>\n\t\t\t\t<\/div>\n\t\t\t\t<\/div>","protected":false},"excerpt":{"rendered":"<p>How you doin'?<\/p>","protected":false},"author":1,"featured_media":0,"parent":0,"menu_order":0,"comment_status":"closed","ping_status":"closed","template":"","meta":{"footnotes":""},"class_list":["post-2","page","type-page","status-publish","hentry"],"yoast_head":"<!-- This site is optimized with the Yoast SEO plugin v27.4 - https:\/\/yoast.com\/product\/yoast-seo-wordpress\/ -->\n<title>Contacto - Pecadora Design<\/title>\n<meta name=\"description\" content=\"\u00a1Cont\u00e1ctanos ahora para descubrir m\u00e1s sobre nuestra exclusiva silla de dise\u00f1o de madera la MT Chair! Ponte en contacto con nosotros.\" \/>\n<meta name=\"robots\" content=\"index, follow, max-snippet:-1, max-image-preview:large, max-video-preview:-1\" \/>\n<link rel=\"canonical\" href=\"https:\/\/pecadoradesign.com\/en\/contacto\/\" \/>\n<meta property=\"og:locale\" content=\"en_GB\" \/>\n<meta property=\"og:type\" content=\"article\" \/>\n<meta property=\"og:title\" content=\"Contacto - Pecadora Design\" \/>\n<meta property=\"og:description\" content=\"\u00a1Cont\u00e1ctanos ahora para descubrir m\u00e1s sobre nuestra exclusiva silla de dise\u00f1o de madera la MT Chair! Ponte en contacto con nosotros.\" \/>\n<meta property=\"og:url\" content=\"https:\/\/pecadoradesign.com\/en\/contacto\/\" \/>\n<meta property=\"og:site_name\" content=\"Pecadora Design\" \/>\n<meta property=\"article:modified_time\" content=\"2025-09-26T15:28:54+00:00\" \/>\n<meta property=\"og:image\" content=\"https:\/\/pecadoradesign.com\/wp-content\/uploads\/2024\/05\/contacto-icon.png\" \/>\n\t<meta property=\"og:image:width\" content=\"537\" \/>\n\t<meta property=\"og:image:height\" content=\"283\" \/>\n\t<meta property=\"og:image:type\" content=\"image\/png\" \/>\n<meta name=\"twitter:card\" content=\"summary_large_image\" \/>\n<meta name=\"twitter:label1\" content=\"Estimated reading time\" \/>\n\t<meta name=\"twitter:data1\" content=\"1 minute\" \/>\n<script type=\"application\/ld+json\" class=\"yoast-schema-graph\">{\"@context\":\"https:\\\/\\\/schema.org\",\"@graph\":[{\"@type\":\"WebPage\",\"@id\":\"https:\\\/\\\/pecadoradesign.com\\\/contacto\\\/\",\"url\":\"https:\\\/\\\/pecadoradesign.com\\\/contacto\\\/\",\"name\":\"Contacto - Pecadora Design\",\"isPartOf\":{\"@id\":\"https:\\\/\\\/pecadoradesign.com\\\/#website\"},\"primaryImageOfPage\":{\"@id\":\"https:\\\/\\\/pecadoradesign.com\\\/contacto\\\/#primaryimage\"},\"image\":{\"@id\":\"https:\\\/\\\/pecadoradesign.com\\\/contacto\\\/#primaryimage\"},\"thumbnailUrl\":\"https:\\\/\\\/pecadoradesign.com\\\/wp-content\\\/uploads\\\/2024\\\/05\\\/contacto-icon.png\",\"datePublished\":\"2024-02-22T19:28:03+00:00\",\"dateModified\":\"2025-09-26T15:28:54+00:00\",\"description\":\"\u00a1Cont\u00e1ctanos ahora para descubrir m\u00e1s sobre nuestra exclusiva silla de dise\u00f1o de madera la MT Chair! Ponte en contacto con nosotros.\",\"breadcrumb\":{\"@id\":\"https:\\\/\\\/pecadoradesign.com\\\/contacto\\\/#breadcrumb\"},\"inLanguage\":\"en-GB\",\"potentialAction\":[{\"@type\":\"ReadAction\",\"target\":[\"https:\\\/\\\/pecadoradesign.com\\\/contacto\\\/\"]}]},{\"@type\":\"ImageObject\",\"inLanguage\":\"en-GB\",\"@id\":\"https:\\\/\\\/pecadoradesign.com\\\/contacto\\\/#primaryimage\",\"url\":\"https:\\\/\\\/pecadoradesign.com\\\/wp-content\\\/uploads\\\/2024\\\/05\\\/contacto-icon.png\",\"contentUrl\":\"https:\\\/\\\/pecadoradesign.com\\\/wp-content\\\/uploads\\\/2024\\\/05\\\/contacto-icon.png\"},{\"@type\":\"BreadcrumbList\",\"@id\":\"https:\\\/\\\/pecadoradesign.com\\\/contacto\\\/#breadcrumb\",\"itemListElement\":[{\"@type\":\"ListItem\",\"position\":1,\"name\":\"Portada\",\"item\":\"https:\\\/\\\/pecadoradesign.com\\\/\"},{\"@type\":\"ListItem\",\"position\":2,\"name\":\"Contacto\"}]},{\"@type\":\"WebSite\",\"@id\":\"https:\\\/\\\/pecadoradesign.com\\\/#website\",\"url\":\"https:\\\/\\\/pecadoradesign.com\\\/\",\"name\":\"Pecadora Design\",\"description\":\"Creative Sudio\",\"publisher\":{\"@id\":\"https:\\\/\\\/pecadoradesign.com\\\/#organization\"},\"potentialAction\":[{\"@type\":\"SearchAction\",\"target\":{\"@type\":\"EntryPoint\",\"urlTemplate\":\"https:\\\/\\\/pecadoradesign.com\\\/?s={search_term_string}\"},\"query-input\":{\"@type\":\"PropertyValueSpecification\",\"valueRequired\":true,\"valueName\":\"search_term_string\"}}],\"inLanguage\":\"en-GB\"},{\"@type\":\"Organization\",\"@id\":\"https:\\\/\\\/pecadoradesign.com\\\/#organization\",\"name\":\"Pecadora Design\",\"url\":\"https:\\\/\\\/pecadoradesign.com\\\/\",\"logo\":{\"@type\":\"ImageObject\",\"inLanguage\":\"en-GB\",\"@id\":\"https:\\\/\\\/pecadoradesign.com\\\/#\\\/schema\\\/logo\\\/image\\\/\",\"url\":\"https:\\\/\\\/pecadoradesign.com\\\/wp-content\\\/uploads\\\/2024\\\/02\\\/Pd_web-logo_240228-03.webp\",\"contentUrl\":\"https:\\\/\\\/pecadoradesign.com\\\/wp-content\\\/uploads\\\/2024\\\/02\\\/Pd_web-logo_240228-03.webp\",\"width\":251,\"height\":70,\"caption\":\"Pecadora Design\"},\"image\":{\"@id\":\"https:\\\/\\\/pecadoradesign.com\\\/#\\\/schema\\\/logo\\\/image\\\/\"}}]}<\/script>\n<!-- \/ Yoast SEO plugin. -->","yoast_head_json":{"title":"Contacto - Pecadora Design","description":"\u00a1Cont\u00e1ctanos ahora para descubrir m\u00e1s sobre nuestra exclusiva silla de dise\u00f1o de madera la MT Chair! Ponte en contacto con nosotros.","robots":{"index":"index","follow":"follow","max-snippet":"max-snippet:-1","max-image-preview":"max-image-preview:large","max-video-preview":"max-video-preview:-1"},"canonical":"https:\/\/pecadoradesign.com\/en\/contacto\/","og_locale":"en_GB","og_type":"article","og_title":"Contacto - Pecadora Design","og_description":"\u00a1Cont\u00e1ctanos ahora para descubrir m\u00e1s sobre nuestra exclusiva silla de dise\u00f1o de madera la MT Chair! Ponte en contacto con nosotros.","og_url":"https:\/\/pecadoradesign.com\/en\/contacto\/","og_site_name":"Pecadora Design","article_modified_time":"2025-09-26T15:28:54+00:00","og_image":[{"width":537,"height":283,"url":"https:\/\/pecadoradesign.com\/wp-content\/uploads\/2024\/05\/contacto-icon.png","type":"image\/png"}],"twitter_card":"summary_large_image","twitter_misc":{"Estimated reading time":"1 minute"},"schema":{"@context":"https:\/\/schema.org","@graph":[{"@type":"WebPage","@id":"https:\/\/pecadoradesign.com\/contacto\/","url":"https:\/\/pecadoradesign.com\/contacto\/","name":"Contacto - Pecadora Design","isPartOf":{"@id":"https:\/\/pecadoradesign.com\/#website"},"primaryImageOfPage":{"@id":"https:\/\/pecadoradesign.com\/contacto\/#primaryimage"},"image":{"@id":"https:\/\/pecadoradesign.com\/contacto\/#primaryimage"},"thumbnailUrl":"https:\/\/pecadoradesign.com\/wp-content\/uploads\/2024\/05\/contacto-icon.png","datePublished":"2024-02-22T19:28:03+00:00","dateModified":"2025-09-26T15:28:54+00:00","description":"\u00a1Cont\u00e1ctanos ahora para descubrir m\u00e1s sobre nuestra exclusiva silla de dise\u00f1o de madera la MT Chair! Ponte en contacto con nosotros.","breadcrumb":{"@id":"https:\/\/pecadoradesign.com\/contacto\/#breadcrumb"},"inLanguage":"en-GB","potentialAction":[{"@type":"ReadAction","target":["https:\/\/pecadoradesign.com\/contacto\/"]}]},{"@type":"ImageObject","inLanguage":"en-GB","@id":"https:\/\/pecadoradesign.com\/contacto\/#primaryimage","url":"https:\/\/pecadoradesign.com\/wp-content\/uploads\/2024\/05\/contacto-icon.png","contentUrl":"https:\/\/pecadoradesign.com\/wp-content\/uploads\/2024\/05\/contacto-icon.png"},{"@type":"BreadcrumbList","@id":"https:\/\/pecadoradesign.com\/contacto\/#breadcrumb","itemListElement":[{"@type":"ListItem","position":1,"name":"Portada","item":"https:\/\/pecadoradesign.com\/"},{"@type":"ListItem","position":2,"name":"Contacto"}]},{"@type":"WebSite","@id":"https:\/\/pecadoradesign.com\/#website","url":"https:\/\/pecadoradesign.com\/","name":"Pecadora Design","description":"Creative Sudio","publisher":{"@id":"https:\/\/pecadoradesign.com\/#organization"},"potentialAction":[{"@type":"SearchAction","target":{"@type":"EntryPoint","urlTemplate":"https:\/\/pecadoradesign.com\/?s={search_term_string}"},"query-input":{"@type":"PropertyValueSpecification","valueRequired":true,"valueName":"search_term_string"}}],"inLanguage":"en-GB"},{"@type":"Organization","@id":"https:\/\/pecadoradesign.com\/#organization","name":"Pecadora Design","url":"https:\/\/pecadoradesign.com\/","logo":{"@type":"ImageObject","inLanguage":"en-GB","@id":"https:\/\/pecadoradesign.com\/#\/schema\/logo\/image\/","url":"https:\/\/pecadoradesign.com\/wp-content\/uploads\/2024\/02\/Pd_web-logo_240228-03.webp","contentUrl":"https:\/\/pecadoradesign.com\/wp-content\/uploads\/2024\/02\/Pd_web-logo_240228-03.webp","width":251,"height":70,"caption":"Pecadora Design"},"image":{"@id":"https:\/\/pecadoradesign.com\/#\/schema\/logo\/image\/"}}]}},"jetpack_sharing_enabled":true,"_links":{"self":[{"href":"https:\/\/pecadoradesign.com\/en\/wp-json\/wp\/v2\/pages\/2","targetHints":{"allow":["GET"]}}],"collection":[{"href":"https:\/\/pecadoradesign.com\/en\/wp-json\/wp\/v2\/pages"}],"about":[{"href":"https:\/\/pecadoradesign.com\/en\/wp-json\/wp\/v2\/types\/page"}],"author":[{"embeddable":true,"href":"https:\/\/pecadoradesign.com\/en\/wp-json\/wp\/v2\/users\/1"}],"replies":[{"embeddable":true,"href":"https:\/\/pecadoradesign.com\/en\/wp-json\/wp\/v2\/comments?post=2"}],"version-history":[{"count":67,"href":"https:\/\/pecadoradesign.com\/en\/wp-json\/wp\/v2\/pages\/2\/revisions"}],"predecessor-version":[{"id":1509,"href":"https:\/\/pecadoradesign.com\/en\/wp-json\/wp\/v2\/pages\/2\/revisions\/1509"}],"wp:attachment":[{"href":"https:\/\/pecadoradesign.com\/en\/wp-json\/wp\/v2\/media?parent=2"}],"curies":[{"name":"wp","href":"https:\/\/api.w.org\/{rel}","templated":true}]}}