{"id":1536,"date":"2025-09-27T12:50:18","date_gmt":"2025-09-27T12:50:18","guid":{"rendered":"https:\/\/pecadoradesign.com\/?page_id=1536"},"modified":"2025-09-29T10:46:50","modified_gmt":"2025-09-29T10:46:50","slug":"ao-floor-lamp","status":"publish","type":"page","link":"https:\/\/pecadoradesign.com\/en\/ao-floor-lamp\/","title":{"rendered":"AO Floor Lamp"},"content":{"rendered":"<div data-elementor-type=\"wp-page\" data-elementor-id=\"1536\" class=\"elementor elementor-1536\">\n\t\t\t\t<div class=\"elementor-element elementor-element-df9b83f e-flex e-con-boxed e-con e-parent\" data-id=\"df9b83f\" data-element_type=\"container\" data-e-type=\"container\">\n\t\t\t\t\t<div class=\"e-con-inner\">\n\t\t<div class=\"elementor-element elementor-element-73bde94 e-con-full e-flex e-con e-child\" data-id=\"73bde94\" data-element_type=\"container\" data-e-type=\"container\">\n\t\t\t\t<div class=\"elementor-element elementor-element-ab50fbb elementor-widget elementor-widget-image\" data-id=\"ab50fbb\" data-element_type=\"widget\" data-e-type=\"widget\" data-widget_type=\"image.default\">\n\t\t\t\t<div class=\"elementor-widget-container\">\n\t\t\t\t\t\t\t\t\t\t\t\t\t\t\t<img fetchpriority=\"high\" decoding=\"async\" width=\"800\" height=\"800\" src=\"https:\/\/pecadoradesign.com\/wp-content\/uploads\/2025\/09\/1.jpg\" class=\"attachment-large size-large wp-image-1539\" alt=\"\" srcset=\"https:\/\/pecadoradesign.com\/wp-content\/uploads\/2025\/09\/1.jpg 900w, https:\/\/pecadoradesign.com\/wp-content\/uploads\/2025\/09\/1-300x300.jpg 300w, https:\/\/pecadoradesign.com\/wp-content\/uploads\/2025\/09\/1-150x150.jpg 150w, https:\/\/pecadoradesign.com\/wp-content\/uploads\/2025\/09\/1-768x768.jpg 768w, https:\/\/pecadoradesign.com\/wp-content\/uploads\/2025\/09\/1-12x12.jpg 12w\" sizes=\"(max-width: 800px) 100vw, 800px\" \/>\t\t\t\t\t\t\t\t\t\t\t\t\t\t\t<\/div>\n\t\t\t\t<\/div>\n\t\t<div class=\"elementor-element elementor-element-f9da0ec e-con-full elementor-hidden-desktop elementor-hidden-widescreen elementor-hidden-laptop e-flex e-con e-child\" data-id=\"f9da0ec\" data-element_type=\"container\" data-e-type=\"container\">\n\t\t\t\t<div class=\"elementor-element elementor-element-31aa970 elementor-widget elementor-widget-heading\" data-id=\"31aa970\" data-element_type=\"widget\" data-e-type=\"widget\" data-widget_type=\"heading.default\">\n\t\t\t\t<div class=\"elementor-widget-container\">\n\t\t\t\t\t<h1 class=\"elementor-heading-title elementor-size-default\">AO Floor Lamp<\/h1>\t\t\t\t<\/div>\n\t\t\t\t<\/div>\n\t\t\t\t<div class=\"elementor-element elementor-element-bf7e0ee elementor-widget elementor-widget-text-editor\" data-id=\"bf7e0ee\" data-element_type=\"widget\" data-e-type=\"widget\" data-widget_type=\"text-editor.default\">\n\t\t\t\t<div class=\"elementor-widget-container\">\n\t\t\t\t\t\t\t\t\t<p>The AO Floor Lamp emerges from a single sheet of steel. Laser cutting shapes two pieces that, once curved, lock seamlessly together, without welding or hardware.\n\nThe front element projects the light source, while the rear softly reflects it forward, creating an illumination that feels both ethereal and controlled. The light does not dominate; it is revealed through the steel itself.\n\nSculptural yet functional, the AO Floor Lamp elevates the material to the role of true protagonist.<\/p><p>A front piece projects the light source, while the rear one gently reflects it forward, achieving an ethereal and controlled illumination. The light does not impose itself, it reveals itself through the steel itself.<\/p><p>Sculptural and functional, the AO Floor Lamp makes the material the absolute protagonist.<\/p>\t\t\t\t\t\t\t\t<\/div>\n\t\t\t\t<\/div>\n\t\t\t\t<\/div>\n\t\t\t\t<div class=\"elementor-element elementor-element-6473ad5 elementor-widget elementor-widget-image\" data-id=\"6473ad5\" data-element_type=\"widget\" data-e-type=\"widget\" data-widget_type=\"image.default\">\n\t\t\t\t<div class=\"elementor-widget-container\">\n\t\t\t\t\t\t\t\t\t\t\t\t\t\t\t<img decoding=\"async\" width=\"800\" height=\"800\" src=\"https:\/\/pecadoradesign.com\/wp-content\/uploads\/2025\/09\/3.jpg\" class=\"attachment-large size-large wp-image-1541\" alt=\"\" srcset=\"https:\/\/pecadoradesign.com\/wp-content\/uploads\/2025\/09\/3.jpg 900w, https:\/\/pecadoradesign.com\/wp-content\/uploads\/2025\/09\/3-300x300.jpg 300w, https:\/\/pecadoradesign.com\/wp-content\/uploads\/2025\/09\/3-150x150.jpg 150w, https:\/\/pecadoradesign.com\/wp-content\/uploads\/2025\/09\/3-768x768.jpg 768w, https:\/\/pecadoradesign.com\/wp-content\/uploads\/2025\/09\/3-12x12.jpg 12w\" sizes=\"(max-width: 800px) 100vw, 800px\" \/>\t\t\t\t\t\t\t\t\t\t\t\t\t\t\t<\/div>\n\t\t\t\t<\/div>\n\t\t\t\t<div class=\"elementor-element elementor-element-b86d3f5 elementor-widget elementor-widget-image\" data-id=\"b86d3f5\" data-element_type=\"widget\" data-e-type=\"widget\" data-widget_type=\"image.default\">\n\t\t\t\t<div class=\"elementor-widget-container\">\n\t\t\t\t\t\t\t\t\t\t\t\t\t\t\t<img decoding=\"async\" width=\"800\" height=\"800\" src=\"https:\/\/pecadoradesign.com\/wp-content\/uploads\/2025\/09\/2.jpg\" class=\"attachment-large size-large wp-image-1540\" alt=\"\" srcset=\"https:\/\/pecadoradesign.com\/wp-content\/uploads\/2025\/09\/2.jpg 900w, https:\/\/pecadoradesign.com\/wp-content\/uploads\/2025\/09\/2-300x300.jpg 300w, https:\/\/pecadoradesign.com\/wp-content\/uploads\/2025\/09\/2-150x150.jpg 150w, https:\/\/pecadoradesign.com\/wp-content\/uploads\/2025\/09\/2-768x768.jpg 768w, https:\/\/pecadoradesign.com\/wp-content\/uploads\/2025\/09\/2-12x12.jpg 12w\" sizes=\"(max-width: 800px) 100vw, 800px\" \/>\t\t\t\t\t\t\t\t\t\t\t\t\t\t\t<\/div>\n\t\t\t\t<\/div>\n\t\t\t\t<div class=\"elementor-element elementor-element-bc28814 elementor-widget elementor-widget-image\" data-id=\"bc28814\" data-element_type=\"widget\" data-e-type=\"widget\" data-widget_type=\"image.default\">\n\t\t\t\t<div class=\"elementor-widget-container\">\n\t\t\t\t\t\t\t\t\t\t\t\t\t\t\t<img loading=\"lazy\" decoding=\"async\" width=\"800\" height=\"800\" src=\"https:\/\/pecadoradesign.com\/wp-content\/uploads\/2025\/09\/4.jpg\" class=\"attachment-large size-large wp-image-1542\" alt=\"\" srcset=\"https:\/\/pecadoradesign.com\/wp-content\/uploads\/2025\/09\/4.jpg 900w, https:\/\/pecadoradesign.com\/wp-content\/uploads\/2025\/09\/4-300x300.jpg 300w, https:\/\/pecadoradesign.com\/wp-content\/uploads\/2025\/09\/4-150x150.jpg 150w, https:\/\/pecadoradesign.com\/wp-content\/uploads\/2025\/09\/4-768x768.jpg 768w, https:\/\/pecadoradesign.com\/wp-content\/uploads\/2025\/09\/4-12x12.jpg 12w\" sizes=\"(max-width: 800px) 100vw, 800px\" \/>\t\t\t\t\t\t\t\t\t\t\t\t\t\t\t<\/div>\n\t\t\t\t<\/div>\n\t\t\t\t<div class=\"elementor-element elementor-element-e73c824 elementor-widget elementor-widget-image\" data-id=\"e73c824\" data-element_type=\"widget\" data-e-type=\"widget\" data-widget_type=\"image.default\">\n\t\t\t\t<div class=\"elementor-widget-container\">\n\t\t\t\t\t\t\t\t\t\t\t\t\t\t\t<img loading=\"lazy\" decoding=\"async\" width=\"800\" height=\"800\" src=\"https:\/\/pecadoradesign.com\/wp-content\/uploads\/2025\/09\/5.jpg\" class=\"attachment-large size-large wp-image-1543\" alt=\"\" srcset=\"https:\/\/pecadoradesign.com\/wp-content\/uploads\/2025\/09\/5.jpg 900w, https:\/\/pecadoradesign.com\/wp-content\/uploads\/2025\/09\/5-300x300.jpg 300w, https:\/\/pecadoradesign.com\/wp-content\/uploads\/2025\/09\/5-150x150.jpg 150w, https:\/\/pecadoradesign.com\/wp-content\/uploads\/2025\/09\/5-768x768.jpg 768w, https:\/\/pecadoradesign.com\/wp-content\/uploads\/2025\/09\/5-12x12.jpg 12w\" sizes=\"(max-width: 800px) 100vw, 800px\" \/>\t\t\t\t\t\t\t\t\t\t\t\t\t\t\t<\/div>\n\t\t\t\t<\/div>\n\t\t\t\t<\/div>\n\t\t<div class=\"elementor-element elementor-element-8e150c7 e-con-full elementor-hidden-tablet elementor-hidden-mobile texto-fijo e-flex elementor-invisible e-con e-child\" data-id=\"8e150c7\" data-element_type=\"container\" data-e-type=\"container\" data-settings=\"{&quot;animation&quot;:&quot;fadeInUp&quot;}\">\n\t\t\t\t<div class=\"elementor-element elementor-element-4318a38 elementor-widget elementor-widget-heading\" data-id=\"4318a38\" data-element_type=\"widget\" data-e-type=\"widget\" data-widget_type=\"heading.default\">\n\t\t\t\t<div class=\"elementor-widget-container\">\n\t\t\t\t\t<h1 class=\"elementor-heading-title elementor-size-default\">AO Floor Lamp<\/h1>\t\t\t\t<\/div>\n\t\t\t\t<\/div>\n\t\t\t\t<div class=\"elementor-element elementor-element-ab4212c elementor-widget elementor-widget-text-editor\" data-id=\"ab4212c\" data-element_type=\"widget\" data-e-type=\"widget\" data-widget_type=\"text-editor.default\">\n\t\t\t\t<div class=\"elementor-widget-container\">\n\t\t\t\t\t\t\t\t\t<p>The AO Floor Lamp emerges from a single sheet of steel. Laser cutting shapes two pieces that, once curved, lock seamlessly together, without welding or hardware.\n\nThe front element projects the light source, while the rear softly reflects it forward, creating an illumination that feels both ethereal and controlled. The light does not dominate; it is revealed through the steel itself.\n\nSculptural yet functional, the AO Floor Lamp elevates the material to the role of true protagonist.<\/p><p>A front piece projects the light source, while the rear one gently reflects it forward, achieving an ethereal and controlled illumination. The light does not impose itself, it reveals itself through the steel itself.<\/p><p>Sculptural and functional, the AO Floor Lamp makes the material the absolute protagonist.<\/p>\t\t\t\t\t\t\t\t<\/div>\n\t\t\t\t<\/div>\n\t\t\t\t<\/div>\n\t\t\t\t\t<\/div>\n\t\t\t\t<\/div>\n\t\t\t\t<\/div>","protected":false},"excerpt":{"rendered":"<p>AO Floor Lamp La AO Floor Lamp nace de una fina l\u00e1mina de acero. Mediante corte l\u00e1ser conseguimos dos piezas que, al curvarse, permiten un s\u00f3lido encaje en seco; sin soldaduras ni herrajes. Una pieza delantera proyecta la fuente de luz, mientras la trasera la refleja suavemente hacia el frente, consiguiendo una iluminaci\u00f3n et\u00e9rea y [&hellip;]<\/p>\n","protected":false},"author":2,"featured_media":0,"parent":0,"menu_order":0,"comment_status":"closed","ping_status":"closed","template":"","meta":{"footnotes":""},"class_list":["post-1536","page","type-page","status-publish","hentry"],"yoast_head":"<!-- This site is optimized with the Yoast SEO plugin v27.4 - https:\/\/yoast.com\/product\/yoast-seo-wordpress\/ -->\n<title>AO Floor Lamp - Pecadora Design<\/title>\n<meta name=\"robots\" content=\"index, follow, max-snippet:-1, max-image-preview:large, max-video-preview:-1\" \/>\n<link rel=\"canonical\" href=\"https:\/\/pecadoradesign.com\/en\/ao-floor-lamp\/\" \/>\n<meta property=\"og:locale\" content=\"en_GB\" \/>\n<meta property=\"og:type\" content=\"article\" \/>\n<meta property=\"og:title\" content=\"AO Floor Lamp - Pecadora Design\" \/>\n<meta property=\"og:description\" content=\"AO Floor Lamp La AO Floor Lamp nace de una fina l\u00e1mina de acero. Mediante corte l\u00e1ser conseguimos dos piezas que, al curvarse, permiten un s\u00f3lido encaje en seco; sin soldaduras ni herrajes. Una pieza delantera proyecta la fuente de luz, mientras la trasera la refleja suavemente hacia el frente, consiguiendo una iluminaci\u00f3n et\u00e9rea y [&hellip;]\" \/>\n<meta property=\"og:url\" content=\"https:\/\/pecadoradesign.com\/en\/ao-floor-lamp\/\" \/>\n<meta property=\"og:site_name\" content=\"Pecadora Design\" \/>\n<meta property=\"article:modified_time\" content=\"2025-09-29T10:46:50+00:00\" \/>\n<meta property=\"og:image\" content=\"https:\/\/pecadoradesign.com\/wp-content\/uploads\/2025\/09\/1.jpg\" \/>\n<meta name=\"twitter:card\" content=\"summary_large_image\" \/>\n<meta name=\"twitter:label1\" content=\"Estimated reading time\" \/>\n\t<meta name=\"twitter:data1\" content=\"2 minutes\" \/>\n<script type=\"application\/ld+json\" class=\"yoast-schema-graph\">{\"@context\":\"https:\\\/\\\/schema.org\",\"@graph\":[{\"@type\":\"WebPage\",\"@id\":\"https:\\\/\\\/pecadoradesign.com\\\/ao-floor-lamp\\\/\",\"url\":\"https:\\\/\\\/pecadoradesign.com\\\/ao-floor-lamp\\\/\",\"name\":\"AO Floor Lamp - Pecadora Design\",\"isPartOf\":{\"@id\":\"https:\\\/\\\/pecadoradesign.com\\\/#website\"},\"primaryImageOfPage\":{\"@id\":\"https:\\\/\\\/pecadoradesign.com\\\/ao-floor-lamp\\\/#primaryimage\"},\"image\":{\"@id\":\"https:\\\/\\\/pecadoradesign.com\\\/ao-floor-lamp\\\/#primaryimage\"},\"thumbnailUrl\":\"https:\\\/\\\/pecadoradesign.com\\\/wp-content\\\/uploads\\\/2025\\\/09\\\/1.jpg\",\"datePublished\":\"2025-09-27T12:50:18+00:00\",\"dateModified\":\"2025-09-29T10:46:50+00:00\",\"breadcrumb\":{\"@id\":\"https:\\\/\\\/pecadoradesign.com\\\/ao-floor-lamp\\\/#breadcrumb\"},\"inLanguage\":\"en-GB\",\"potentialAction\":[{\"@type\":\"ReadAction\",\"target\":[\"https:\\\/\\\/pecadoradesign.com\\\/ao-floor-lamp\\\/\"]}]},{\"@type\":\"ImageObject\",\"inLanguage\":\"en-GB\",\"@id\":\"https:\\\/\\\/pecadoradesign.com\\\/ao-floor-lamp\\\/#primaryimage\",\"url\":\"https:\\\/\\\/pecadoradesign.com\\\/wp-content\\\/uploads\\\/2025\\\/09\\\/1.jpg\",\"contentUrl\":\"https:\\\/\\\/pecadoradesign.com\\\/wp-content\\\/uploads\\\/2025\\\/09\\\/1.jpg\"},{\"@type\":\"BreadcrumbList\",\"@id\":\"https:\\\/\\\/pecadoradesign.com\\\/ao-floor-lamp\\\/#breadcrumb\",\"itemListElement\":[{\"@type\":\"ListItem\",\"position\":1,\"name\":\"Portada\",\"item\":\"https:\\\/\\\/pecadoradesign.com\\\/\"},{\"@type\":\"ListItem\",\"position\":2,\"name\":\"AO Floor Lamp\"}]},{\"@type\":\"WebSite\",\"@id\":\"https:\\\/\\\/pecadoradesign.com\\\/#website\",\"url\":\"https:\\\/\\\/pecadoradesign.com\\\/\",\"name\":\"Pecadora Design\",\"description\":\"Creative Sudio\",\"publisher\":{\"@id\":\"https:\\\/\\\/pecadoradesign.com\\\/#organization\"},\"potentialAction\":[{\"@type\":\"SearchAction\",\"target\":{\"@type\":\"EntryPoint\",\"urlTemplate\":\"https:\\\/\\\/pecadoradesign.com\\\/?s={search_term_string}\"},\"query-input\":{\"@type\":\"PropertyValueSpecification\",\"valueRequired\":true,\"valueName\":\"search_term_string\"}}],\"inLanguage\":\"en-GB\"},{\"@type\":\"Organization\",\"@id\":\"https:\\\/\\\/pecadoradesign.com\\\/#organization\",\"name\":\"Pecadora Design\",\"url\":\"https:\\\/\\\/pecadoradesign.com\\\/\",\"logo\":{\"@type\":\"ImageObject\",\"inLanguage\":\"en-GB\",\"@id\":\"https:\\\/\\\/pecadoradesign.com\\\/#\\\/schema\\\/logo\\\/image\\\/\",\"url\":\"https:\\\/\\\/pecadoradesign.com\\\/wp-content\\\/uploads\\\/2024\\\/02\\\/Pd_web-logo_240228-03.webp\",\"contentUrl\":\"https:\\\/\\\/pecadoradesign.com\\\/wp-content\\\/uploads\\\/2024\\\/02\\\/Pd_web-logo_240228-03.webp\",\"width\":251,\"height\":70,\"caption\":\"Pecadora Design\"},\"image\":{\"@id\":\"https:\\\/\\\/pecadoradesign.com\\\/#\\\/schema\\\/logo\\\/image\\\/\"}}]}<\/script>\n<!-- \/ Yoast SEO plugin. -->","yoast_head_json":{"title":"AO Floor Lamp - Pecadora Design","robots":{"index":"index","follow":"follow","max-snippet":"max-snippet:-1","max-image-preview":"max-image-preview:large","max-video-preview":"max-video-preview:-1"},"canonical":"https:\/\/pecadoradesign.com\/en\/ao-floor-lamp\/","og_locale":"en_GB","og_type":"article","og_title":"AO Floor Lamp - Pecadora Design","og_description":"AO Floor Lamp La AO Floor Lamp nace de una fina l\u00e1mina de acero. Mediante corte l\u00e1ser conseguimos dos piezas que, al curvarse, permiten un s\u00f3lido encaje en seco; sin soldaduras ni herrajes. Una pieza delantera proyecta la fuente de luz, mientras la trasera la refleja suavemente hacia el frente, consiguiendo una iluminaci\u00f3n et\u00e9rea y [&hellip;]","og_url":"https:\/\/pecadoradesign.com\/en\/ao-floor-lamp\/","og_site_name":"Pecadora Design","article_modified_time":"2025-09-29T10:46:50+00:00","og_image":[{"url":"https:\/\/pecadoradesign.com\/wp-content\/uploads\/2025\/09\/1.jpg","type":"","width":"","height":""}],"twitter_card":"summary_large_image","twitter_misc":{"Estimated reading time":"2 minutes"},"schema":{"@context":"https:\/\/schema.org","@graph":[{"@type":"WebPage","@id":"https:\/\/pecadoradesign.com\/ao-floor-lamp\/","url":"https:\/\/pecadoradesign.com\/ao-floor-lamp\/","name":"AO Floor Lamp - Pecadora Design","isPartOf":{"@id":"https:\/\/pecadoradesign.com\/#website"},"primaryImageOfPage":{"@id":"https:\/\/pecadoradesign.com\/ao-floor-lamp\/#primaryimage"},"image":{"@id":"https:\/\/pecadoradesign.com\/ao-floor-lamp\/#primaryimage"},"thumbnailUrl":"https:\/\/pecadoradesign.com\/wp-content\/uploads\/2025\/09\/1.jpg","datePublished":"2025-09-27T12:50:18+00:00","dateModified":"2025-09-29T10:46:50+00:00","breadcrumb":{"@id":"https:\/\/pecadoradesign.com\/ao-floor-lamp\/#breadcrumb"},"inLanguage":"en-GB","potentialAction":[{"@type":"ReadAction","target":["https:\/\/pecadoradesign.com\/ao-floor-lamp\/"]}]},{"@type":"ImageObject","inLanguage":"en-GB","@id":"https:\/\/pecadoradesign.com\/ao-floor-lamp\/#primaryimage","url":"https:\/\/pecadoradesign.com\/wp-content\/uploads\/2025\/09\/1.jpg","contentUrl":"https:\/\/pecadoradesign.com\/wp-content\/uploads\/2025\/09\/1.jpg"},{"@type":"BreadcrumbList","@id":"https:\/\/pecadoradesign.com\/ao-floor-lamp\/#breadcrumb","itemListElement":[{"@type":"ListItem","position":1,"name":"Portada","item":"https:\/\/pecadoradesign.com\/"},{"@type":"ListItem","position":2,"name":"AO Floor Lamp"}]},{"@type":"WebSite","@id":"https:\/\/pecadoradesign.com\/#website","url":"https:\/\/pecadoradesign.com\/","name":"Pecadora Design","description":"Creative Sudio","publisher":{"@id":"https:\/\/pecadoradesign.com\/#organization"},"potentialAction":[{"@type":"SearchAction","target":{"@type":"EntryPoint","urlTemplate":"https:\/\/pecadoradesign.com\/?s={search_term_string}"},"query-input":{"@type":"PropertyValueSpecification","valueRequired":true,"valueName":"search_term_string"}}],"inLanguage":"en-GB"},{"@type":"Organization","@id":"https:\/\/pecadoradesign.com\/#organization","name":"Pecadora Design","url":"https:\/\/pecadoradesign.com\/","logo":{"@type":"ImageObject","inLanguage":"en-GB","@id":"https:\/\/pecadoradesign.com\/#\/schema\/logo\/image\/","url":"https:\/\/pecadoradesign.com\/wp-content\/uploads\/2024\/02\/Pd_web-logo_240228-03.webp","contentUrl":"https:\/\/pecadoradesign.com\/wp-content\/uploads\/2024\/02\/Pd_web-logo_240228-03.webp","width":251,"height":70,"caption":"Pecadora Design"},"image":{"@id":"https:\/\/pecadoradesign.com\/#\/schema\/logo\/image\/"}}]}},"jetpack_sharing_enabled":true,"_links":{"self":[{"href":"https:\/\/pecadoradesign.com\/en\/wp-json\/wp\/v2\/pages\/1536","targetHints":{"allow":["GET"]}}],"collection":[{"href":"https:\/\/pecadoradesign.com\/en\/wp-json\/wp\/v2\/pages"}],"about":[{"href":"https:\/\/pecadoradesign.com\/en\/wp-json\/wp\/v2\/types\/page"}],"author":[{"embeddable":true,"href":"https:\/\/pecadoradesign.com\/en\/wp-json\/wp\/v2\/users\/2"}],"replies":[{"embeddable":true,"href":"https:\/\/pecadoradesign.com\/en\/wp-json\/wp\/v2\/comments?post=1536"}],"version-history":[{"count":11,"href":"https:\/\/pecadoradesign.com\/en\/wp-json\/wp\/v2\/pages\/1536\/revisions"}],"predecessor-version":[{"id":1575,"href":"https:\/\/pecadoradesign.com\/en\/wp-json\/wp\/v2\/pages\/1536\/revisions\/1575"}],"wp:attachment":[{"href":"https:\/\/pecadoradesign.com\/en\/wp-json\/wp\/v2\/media?parent=1536"}],"curies":[{"name":"wp","href":"https:\/\/api.w.org\/{rel}","templated":true}]}}